{"id":980,"date":"2025-11-19T15:21:04","date_gmt":"2025-11-19T14:21:04","guid":{"rendered":"https:\/\/revolistic-cosmetics.ch\/?post_type=product&#038;p=980"},"modified":"2026-03-11T14:41:32","modified_gmt":"2026-03-11T13:41:32","slug":"coffret-trio-de-serums-bandeau","status":"publish","type":"product","link":"https:\/\/revolistic-cosmetics.ch\/en\/produit\/coffret-trio-de-serums-bandeau\/","title":{"rendered":"Coffret pr\u00e9cieux"},"content":{"rendered":"<p>[et_pb_section fb_built=&#8221;1&#8243; custom_padding_last_edited=&#8221;on|phone&#8221; _builder_version=&#8221;4.22.2&#8243; custom_padding=&#8221;100px||||false|false&#8221; custom_padding_tablet=&#8221;100px||||false|false&#8221; custom_padding_phone=&#8221;150px||||false|false&#8221; global_colors_info=&#8221;{}&#8221;][et_pb_row admin_label=&#8221;Ligne&#8221; _builder_version=&#8221;4.16&#8243; background_size=&#8221;initial&#8221; background_position=&#8221;top_left&#8221; background_repeat=&#8221;repeat&#8221; width=&#8221;100%&#8221; custom_margin=&#8221;-147px|auto||auto||&#8221; custom_padding=&#8221;0px||0px||false|false&#8221; global_colors_info=&#8221;{}&#8221;][et_pb_column type=&#8221;4_4&#8243; _builder_version=&#8221;4.16&#8243; custom_padding=&#8221;|||&#8221; global_colors_info=&#8221;{}&#8221; custom_padding__hover=&#8221;|||&#8221;][et_pb_wc_cart_notice _builder_version=&#8221;4.22.2&#8243; title_font=&#8221;Poppins|300|||||||&#8221; title_font_size=&#8221;22px&#8221; content_font=&#8221;Poppins||||||||&#8221; title_font_size_tablet=&#8221;22px&#8221; title_font_size_phone=&#8221;18px&#8221; title_font_size_last_edited=&#8221;on|phone&#8221; global_colors_info=&#8221;{}&#8221;][\/et_pb_wc_cart_notice][\/et_pb_column][\/et_pb_row][et_pb_row column_structure=&#8221;1_2,1_2&#8243; _builder_version=&#8221;4.16&#8243; background_size=&#8221;initial&#8221; background_position=&#8221;top_left&#8221; background_repeat=&#8221;repeat&#8221; width=&#8221;100%&#8221; custom_padding=&#8221;0px||||false|false&#8221; global_colors_info=&#8221;{}&#8221;][et_pb_column type=&#8221;1_2&#8243; _builder_version=&#8221;4.16&#8243; custom_padding=&#8221;|||&#8221; global_colors_info=&#8221;{}&#8221; custom_padding__hover=&#8221;|||&#8221;][dnxte_thumbs_gallery_parent dnext_thumbs_gallery_loop=&#8221;on&#8221; dnext_thumbs_gallery_bottom_loop=&#8221;on&#8221; dnext_thumbs_gallery_centered_slides=&#8221;on&#8221; dnext_thumbs_gallery_grab=&#8221;on&#8221; dnext_thumbs_gallery_speed=&#8221;1000&#8243; dnext_thumbs_gallery_bottom_centered_slides=&#8221;on&#8221; dnext_thumbs_gallery_bottom_speed=&#8221;1000&#8243; dnext_thumbs_gallery_keyboard_enable=&#8221;off&#8221; dnxt_top_gallery_mousewheel=&#8221;on&#8221; dnext_thumbs_gallery_pause_on_hover=&#8221;on&#8221; _builder_version=&#8221;4.27.4&#8243; _module_preset=&#8221;default&#8221; hover_enabled=&#8221;0&#8243; global_colors_info=&#8221;{}&#8221; sticky_enabled=&#8221;0&#8243;][dnxte_thumbs_gallery_child _builder_version=&#8221;4.27.4&#8243; _module_preset=&#8221;default&#8221; title_text=&#8221;image_1920x2200&#8243; thumbs_gallery_top_image=&#8221;https:\/\/revolistic-cosmetics.ch\/wp-content\/uploads\/2025\/11\/image_1920x2200.jpg&#8221; hover_enabled=&#8221;0&#8243; sticky_enabled=&#8221;0&#8243;][\/dnxte_thumbs_gallery_child][dnxte_thumbs_gallery_child _builder_version=&#8221;4.27.4&#8243; _module_preset=&#8221;default&#8221; title_text=&#8221;Coffret 2&#8243; thumbs_gallery_top_image=&#8221;https:\/\/revolistic-cosmetics.ch\/wp-content\/uploads\/2025\/11\/Coffret-2.jpg&#8221; hover_enabled=&#8221;0&#8243; sticky_enabled=&#8221;0&#8243;][\/dnxte_thumbs_gallery_child][\/dnxte_thumbs_gallery_parent][\/et_pb_column][et_pb_column type=&#8221;1_2&#8243; _builder_version=&#8221;4.16&#8243; custom_padding=&#8221;|||&#8221; global_colors_info=&#8221;{}&#8221; custom_padding__hover=&#8221;|||&#8221;][et_pb_wc_title _builder_version=&#8221;4.27.4&#8243; header_font=&#8221;Playfair Display||||||||&#8221; header_font_size=&#8221;43px&#8221; custom_margin=&#8221;||9px|||&#8221; header_text_align_tablet=&#8221;&#8221; header_text_align_phone=&#8221;center&#8221; header_text_align_last_edited=&#8221;on|phone&#8221; global_colors_info=&#8221;{}&#8221;][\/et_pb_wc_title][et_pb_text _builder_version=&#8221;4.27.4&#8243; _module_preset=&#8221;default&#8221; text_font=&#8221;Poppins|300|||||||&#8221; text_font_size=&#8221;21px&#8221; text_line_height=&#8221;1.4em&#8221; custom_margin=&#8221;||15px|||&#8221; text_orientation_tablet=&#8221;&#8221; text_orientation_phone=&#8221;center&#8221; text_orientation_last_edited=&#8221;on|phone&#8221; global_colors_info=&#8221;{}&#8221;]<\/p>\n<p>Trio s\u00e9rums &amp; bandeau<\/p>\n<p>[\/et_pb_text][et_pb_wc_description _builder_version=&#8221;4.27.4&#8243; body_font=&#8221;Poppins|300|||||||&#8221; body_text_color=&#8221;#353535&#8243; body_font_size=&#8221;16px&#8221; body_line_height=&#8221;1.8em&#8221; header_font=&#8221;|300|||||||&#8221; custom_padding_tablet=&#8221;&#8221; custom_padding_phone=&#8221;|7%||7%|false|true&#8221; custom_padding_last_edited=&#8221;on|phone&#8221; text_orientation_tablet=&#8221;&#8221; text_orientation_phone=&#8221;center&#8221; text_orientation_last_edited=&#8221;on|phone&#8221; global_colors_info=&#8221;{}&#8221;][\/et_pb_wc_description][et_pb_wc_price admin_label=&#8221;Prix du produit Woo&#8221; _builder_version=&#8221;4.22.2&#8243; body_font=&#8221;Poppins||||||||&#8221; text_orientation_tablet=&#8221;&#8221; text_orientation_phone=&#8221;center&#8221; text_orientation_last_edited=&#8221;on|phone&#8221; global_colors_info=&#8221;{}&#8221;][\/et_pb_wc_price][et_pb_wc_add_to_cart _builder_version=&#8221;4.27.4&#8243; fields_background_color=&#8221;#869FB4&#8243; fields_text_color=&#8221;#FFFFFF&#8221; fields_focus_background_color=&#8221;#D9BB9B&#8221; fields_focus_text_color=&#8221;#FFFFFF&#8221; fields_font=&#8221;Poppins|700|||||||&#8221; fields_font_size=&#8221;17px&#8221; custom_button=&#8221;on&#8221; button_text_color=&#8221;#353535&#8243; button_border_width=&#8221;1px&#8221; button_font=&#8221;Poppins||||||||&#8221; button_icon=&#8221;&#xf291;||fa||900&#8243; button_icon_color=&#8221;#869FB4&#8243; text_orientation_tablet=&#8221;&#8221; text_orientation_phone=&#8221;center&#8221; text_orientation_last_edited=&#8221;on|phone&#8221; custom_css_free_form=&#8221;select {||    background-image: none !important; \/* Retirer les fl\u00e8ches par d\u00e9faut si n\u00e9cessaire *\/||    background-position: right 10px center !important; \/* Ajuster la position des fl\u00e8ches *\/||    background-repeat: no-repeat;||}||&#8221; global_colors_info=&#8221;{}&#8221;][\/et_pb_wc_add_to_cart][et_pb_wc_tabs active_tab_background_color=&#8221;#869FB4&#8243; inactive_tab_background_color=&#8221;#FFFFFF&#8221; active_tab_text_color=&#8221;#FFFFFF&#8221; include_tabs=&#8221;|&#8221; _builder_version=&#8221;4.27.4&#8243; tab_text_color=&#8221;#353535&#8243; body_font=&#8221;Poppins|300|||||||&#8221; body_text_color=&#8221;#353535&#8243; body_font_size=&#8221;17px&#8221; body_line_height=&#8221;1.6em&#8221; tab_font=&#8221;Poppins||||||||&#8221; tab_font_size=&#8221;15px&#8221; global_colors_info=&#8221;{}&#8221;]\t\t\t\t\t[\/et_pb_wc_tabs][dnxte_button button_text=&#8221;Politique de retours&#8221; button_link=&#8221;https:\/\/revolistic-cosmetics.ch\/remboursements_retours\/&#8221; dnxt_button_alignment=&#8221;left&#8221; btn_show_hide=&#8221;off&#8221; dnxt_hover_2d=&#8221;dnxt-hover-float&#8221; dnxt_hover_bg_color=&#8221;RGBA(255,255,255,0)&#8221; dnxt_button_alignment_tablet=&#8221;left&#8221; dnxt_button_alignment_phone=&#8221;center&#8221; dnxt_button_alignment_last_edited=&#8221;on|phone&#8221; _builder_version=&#8221;4.23.1&#8243; _module_preset=&#8221;default&#8221; btn_fonts_font=&#8221;Poppins||||||||&#8221; btn_fonts_text_color=&#8221;#353535&#8243; btn_fonts_font_size=&#8221;18px&#8221; btn_fonts_letter_spacing=&#8221;2px&#8221; border_radii_btn_border=&#8221;on|0px|0px|0px|0px&#8221; border_width_all_btn_border=&#8221;0px&#8221; border_width_bottom_btn_border=&#8221;3px&#8221; border_color_bottom_btn_border=&#8221;#869FB4&#8243; global_colors_info=&#8221;{}&#8221; border_color_bottom_btn_border__hover_enabled=&#8221;on|hover&#8221; border_color_bottom_btn_border__hover=&#8221;#FFFFFF&#8221;][\/dnxte_button][\/et_pb_column][\/et_pb_row][et_pb_row _builder_version=&#8221;4.16&#8243; background_size=&#8221;initial&#8221; background_position=&#8221;top_left&#8221; background_repeat=&#8221;repeat&#8221; width=&#8221;100%&#8221; global_colors_info=&#8221;{}&#8221;][et_pb_column type=&#8221;4_4&#8243; _builder_version=&#8221;4.16&#8243; custom_padding=&#8221;|||&#8221; global_colors_info=&#8221;{}&#8221; custom_padding__hover=&#8221;|||&#8221;][et_pb_wc_upsells _builder_version=&#8221;4.16&#8243; global_colors_info=&#8221;{}&#8221;][\/et_pb_wc_upsells][et_pb_wc_related_products _builder_version=&#8221;4.16&#8243; global_colors_info=&#8221;{}&#8221;][\/et_pb_wc_related_products][\/et_pb_column][\/et_pb_row][et_pb_row _builder_version=&#8221;4.22.2&#8243; _module_preset=&#8221;default&#8221; global_colors_info=&#8221;{}&#8221;][et_pb_column type=&#8221;4_4&#8243; _builder_version=&#8221;4.22.2&#8243; _module_preset=&#8221;default&#8221; global_colors_info=&#8221;{}&#8221;][dnxte_button button_text=&#8221;retour \u00e0 la boutique&#8221; button_link=&#8221;@ET-DC@eyJkeW5hbWljIjp0cnVlLCJjb250ZW50IjoicG9zdF9saW5rX3VybF9wYWdlIiwic2V0dGluZ3MiOnsicG9zdF9pZCI6IjE2MSJ9fQ==@&#8221; dnxt_button_alignment=&#8221;center&#8221; btn_show_hide=&#8221;off&#8221; dnxt_hover_2d=&#8221;dnxt-hover-float&#8221; dnxt_hover_bg_color=&#8221;RGBA(255,255,255,0)&#8221; dnxt_button_alignment_tablet=&#8221;left&#8221; dnxt_button_alignment_phone=&#8221;center&#8221; dnxt_button_alignment_last_edited=&#8221;on|phone&#8221; _builder_version=&#8221;4.22.2&#8243; _dynamic_attributes=&#8221;button_link&#8221; _module_preset=&#8221;default&#8221; btn_fonts_font=&#8221;Poppins||||||||&#8221; btn_fonts_text_color=&#8221;#353535&#8243; btn_fonts_font_size=&#8221;18px&#8221; btn_fonts_letter_spacing=&#8221;2px&#8221; border_radii_btn_border=&#8221;on|0px|0px|0px|0px&#8221; border_width_all_btn_border=&#8221;0px&#8221; border_width_bottom_btn_border=&#8221;3px&#8221; border_color_bottom_btn_border=&#8221;#869FB4&#8243; global_colors_info=&#8221;{}&#8221; border_color_bottom_btn_border__hover_enabled=&#8221;on|hover&#8221; border_color_bottom_btn_border__hover=&#8221;#FFFFFF&#8221;][\/dnxte_button][\/et_pb_column][\/et_pb_row][\/et_pb_section][et_pb_section fb_built=&#8221;1&#8243; admin_label=&#8221;Footer&#8221; module_id=&#8221;contact&#8221; _builder_version=&#8221;4.22.2&#8243; _module_preset=&#8221;default&#8221; background_color=&#8221;gcid-904649ba-8489-45ef-bc4d-794bd4d0fcba&#8221; custom_padding=&#8221;2px|||||&#8221; global_module=&#8221;173&#8243; saved_tabs=&#8221;all&#8221; collapsed=&#8221;on&#8221; global_colors_info=&#8221;{%22gcid-904649ba-8489-45ef-bc4d-794bd4d0fcba%22:%91%22background_color%22%93}&#8221;][\/et_pb_section]<\/p>\n","protected":false},"excerpt":{"rendered":"<p data-start=\"143\" data-end=\"262\">Offrez \u00e0 votre peau une exp\u00e9rience sensorielle unique avec notre coffret exclusif compos\u00e9 de <strong data-start=\"236\" data-end=\"258\">trois s\u00e9rums 15 ml<\/strong>\u00a0:<\/p>\n<ul data-start=\"263\" data-end=\"440\">\n<li data-start=\"263\" data-end=\"325\">\n<p data-start=\"265\" data-end=\"325\"><strong data-start=\"265\" data-end=\"282\">R\u00eave d\u2019Audace<\/strong> \u2013 pour une peau \u00e9clatante et nourrie<\/p>\n<\/li>\n<li data-start=\"326\" data-end=\"384\">\n<p data-start=\"328\" data-end=\"384\"><strong data-start=\"328\" data-end=\"341\">R\u00eave d\u2019Or<\/strong> \u2013 pour une peau hydrat\u00e9e et visiblement rajeunie<\/p>\n<\/li>\n<li data-start=\"385\" data-end=\"440\">\n<p data-start=\"387\" data-end=\"440\"><strong data-start=\"387\" data-end=\"407\">R\u00eave de S\u00e9r\u00e9nit\u00e9<\/strong> \u2013 pour une peau apais\u00e9e et r\u00e9confort\u00e9e<\/p>\n<\/li>\n<\/ul>\n<p data-start=\"442\" data-end=\"571\">Ce trio pr\u00e9cieux est accompagn\u00e9 d\u2019un <strong data-start=\"479\" data-end=\"503\">bandeau en coton bio<\/strong>, disponible en <strong data-start=\"519\" data-end=\"527\">bleu<\/strong> ou <strong data-start=\"531\" data-end=\"539\">dor\u00e9<\/strong>, id\u00e9al pour vos rituels beaut\u00e9.<\/p>\n<p data-start=\"573\" data-end=\"681\">Un moment de bien-\u00eatre, un cadeau raffin\u00e9, un rituel complet pour r\u00e9v\u00e9ler la beaut\u00e9 naturelle de votre peau.<\/p>\n","protected":false},"featured_media":991,"template":"","meta":{"_et_pb_use_builder":"on","_et_pb_old_content":"","_et_gb_content_width":""},"product_brand":[],"product_cat":[39,18],"product_tag":[],"class_list":{"0":"post-980","1":"product","2":"type-product","3":"status-publish","4":"has-post-thumbnail","6":"product_cat-accessoires","7":"product_cat-serums","9":"first","10":"instock","11":"shipping-taxable","12":"purchasable","13":"product-type-variable"},"yoast_head":"<!-- This site is optimized with the Yoast SEO plugin v27.5 - https:\/\/yoast.com\/product\/yoast-seo-wordpress\/ -->\n<title>Coffret pr\u00e9cieux - Revolistic Cosmetics<\/title>\n<meta name=\"robots\" content=\"index, follow, max-snippet:-1, max-image-preview:large, max-video-preview:-1\" \/>\n<link rel=\"canonical\" href=\"https:\/\/revolistic-cosmetics.ch\/en\/produit\/coffret-trio-de-serums-bandeau\/\" \/>\n<meta property=\"og:locale\" content=\"en_US\" \/>\n<meta property=\"og:type\" content=\"article\" \/>\n<meta property=\"og:title\" content=\"Coffret pr\u00e9cieux - Revolistic Cosmetics\" \/>\n<meta property=\"og:description\" content=\"Offrez \u00e0 votre peau une exp\u00e9rience sensorielle unique avec notre coffret exclusif compos\u00e9 de trois s\u00e9rums 15 ml\u00a0:     R\u00eave d\u2019Audace \u2013 pour une peau \u00e9clatante et nourrie    R\u00eave d\u2019Or \u2013 pour une peau hydrat\u00e9e et visiblement rajeunie    R\u00eave de S\u00e9r\u00e9nit\u00e9 \u2013 pour une peau apais\u00e9e et r\u00e9confort\u00e9e   Ce trio pr\u00e9cieux est accompagn\u00e9 d\u2019un bandeau en coton bio, disponible en bleu ou dor\u00e9, id\u00e9al pour vos rituels beaut\u00e9. Un moment de bien-\u00eatre, un cadeau raffin\u00e9, un rituel complet pour r\u00e9v\u00e9ler la beaut\u00e9 naturelle de votre peau.\" \/>\n<meta property=\"og:url\" content=\"https:\/\/revolistic-cosmetics.ch\/en\/produit\/coffret-trio-de-serums-bandeau\/\" \/>\n<meta property=\"og:site_name\" content=\"Revolistic Cosmetics\" \/>\n<meta property=\"article:publisher\" content=\"https:\/\/www.facebook.com\/profile.php?id=61550968816893\" \/>\n<meta property=\"article:modified_time\" content=\"2026-03-11T13:41:32+00:00\" \/>\n<meta property=\"og:image\" content=\"https:\/\/revolistic-cosmetics.ch\/wp-content\/uploads\/2025\/11\/Coffret-1-bon-format.jpg\" \/>\n\t<meta property=\"og:image:width\" content=\"1333\" \/>\n\t<meta property=\"og:image:height\" content=\"2000\" \/>\n\t<meta property=\"og:image:type\" content=\"image\/jpeg\" \/>\n<meta name=\"twitter:card\" content=\"summary_large_image\" \/>\n<meta name=\"twitter:label1\" content=\"Est. reading time\" \/>\n\t<meta name=\"twitter:data1\" content=\"2 minutes\" \/>\n<script type=\"application\/ld+json\" class=\"yoast-schema-graph\">{\"@context\":\"https:\\\/\\\/schema.org\",\"@graph\":[{\"@type\":\"WebPage\",\"@id\":\"https:\\\/\\\/revolistic-cosmetics.ch\\\/en\\\/produit\\\/coffret-trio-de-serums-bandeau\\\/\",\"url\":\"https:\\\/\\\/revolistic-cosmetics.ch\\\/en\\\/produit\\\/coffret-trio-de-serums-bandeau\\\/\",\"name\":\"Coffret pr\u00e9cieux - Revolistic Cosmetics\",\"isPartOf\":{\"@id\":\"https:\\\/\\\/revolistic-cosmetics.ch\\\/en\\\/#website\"},\"primaryImageOfPage\":{\"@id\":\"https:\\\/\\\/revolistic-cosmetics.ch\\\/en\\\/produit\\\/coffret-trio-de-serums-bandeau\\\/#primaryimage\"},\"image\":{\"@id\":\"https:\\\/\\\/revolistic-cosmetics.ch\\\/en\\\/produit\\\/coffret-trio-de-serums-bandeau\\\/#primaryimage\"},\"thumbnailUrl\":\"https:\\\/\\\/revolistic-cosmetics.ch\\\/wp-content\\\/uploads\\\/2025\\\/11\\\/Coffret-1-bon-format.jpg\",\"datePublished\":\"2025-11-19T14:21:04+00:00\",\"dateModified\":\"2026-03-11T13:41:32+00:00\",\"breadcrumb\":{\"@id\":\"https:\\\/\\\/revolistic-cosmetics.ch\\\/en\\\/produit\\\/coffret-trio-de-serums-bandeau\\\/#breadcrumb\"},\"inLanguage\":\"en-US\",\"potentialAction\":[{\"@type\":\"ReadAction\",\"target\":[\"https:\\\/\\\/revolistic-cosmetics.ch\\\/en\\\/produit\\\/coffret-trio-de-serums-bandeau\\\/\"]}]},{\"@type\":\"ImageObject\",\"inLanguage\":\"en-US\",\"@id\":\"https:\\\/\\\/revolistic-cosmetics.ch\\\/en\\\/produit\\\/coffret-trio-de-serums-bandeau\\\/#primaryimage\",\"url\":\"https:\\\/\\\/revolistic-cosmetics.ch\\\/wp-content\\\/uploads\\\/2025\\\/11\\\/Coffret-1-bon-format.jpg\",\"contentUrl\":\"https:\\\/\\\/revolistic-cosmetics.ch\\\/wp-content\\\/uploads\\\/2025\\\/11\\\/Coffret-1-bon-format.jpg\",\"width\":1333,\"height\":2000},{\"@type\":\"BreadcrumbList\",\"@id\":\"https:\\\/\\\/revolistic-cosmetics.ch\\\/en\\\/produit\\\/coffret-trio-de-serums-bandeau\\\/#breadcrumb\",\"itemListElement\":[{\"@type\":\"ListItem\",\"position\":1,\"name\":\"Accueil\",\"item\":\"https:\\\/\\\/revolistic-cosmetics.ch\\\/en\\\/\"},{\"@type\":\"ListItem\",\"position\":2,\"name\":\"Shop\",\"item\":\"https:\\\/\\\/revolistic-cosmetics.ch\\\/en\\\/shop\\\/\"},{\"@type\":\"ListItem\",\"position\":3,\"name\":\"Coffret pr\u00e9cieux\"}]},{\"@type\":\"WebSite\",\"@id\":\"https:\\\/\\\/revolistic-cosmetics.ch\\\/en\\\/#website\",\"url\":\"https:\\\/\\\/revolistic-cosmetics.ch\\\/en\\\/\",\"name\":\"Revolistic Cosmetics\",\"description\":\"Face serums\",\"publisher\":{\"@id\":\"https:\\\/\\\/revolistic-cosmetics.ch\\\/en\\\/#organization\"},\"potentialAction\":[{\"@type\":\"SearchAction\",\"target\":{\"@type\":\"EntryPoint\",\"urlTemplate\":\"https:\\\/\\\/revolistic-cosmetics.ch\\\/en\\\/?s={search_term_string}\"},\"query-input\":{\"@type\":\"PropertyValueSpecification\",\"valueRequired\":true,\"valueName\":\"search_term_string\"}}],\"inLanguage\":\"en-US\"},{\"@type\":\"Organization\",\"@id\":\"https:\\\/\\\/revolistic-cosmetics.ch\\\/en\\\/#organization\",\"name\":\"Revolistic Cosmetics\",\"url\":\"https:\\\/\\\/revolistic-cosmetics.ch\\\/en\\\/\",\"logo\":{\"@type\":\"ImageObject\",\"inLanguage\":\"en-US\",\"@id\":\"https:\\\/\\\/revolistic-cosmetics.ch\\\/en\\\/#\\\/schema\\\/logo\\\/image\\\/\",\"url\":\"https:\\\/\\\/revolistic-cosmetics.ch\\\/wp-content\\\/uploads\\\/2023\\\/09\\\/Logo_RG_Color.png\",\"contentUrl\":\"https:\\\/\\\/revolistic-cosmetics.ch\\\/wp-content\\\/uploads\\\/2023\\\/09\\\/Logo_RG_Color.png\",\"width\":3509,\"height\":2482,\"caption\":\"Revolistic Cosmetics\"},\"image\":{\"@id\":\"https:\\\/\\\/revolistic-cosmetics.ch\\\/en\\\/#\\\/schema\\\/logo\\\/image\\\/\"},\"sameAs\":[\"https:\\\/\\\/www.facebook.com\\\/profile.php?id=61550968816893\",\"https:\\\/\\\/www.instagram.com\\\/revolistic.cosmetics\\\/\"]}]}<\/script>\n<!-- \/ Yoast SEO plugin. -->","yoast_head_json":{"title":"Coffret pr\u00e9cieux - Revolistic Cosmetics","robots":{"index":"index","follow":"follow","max-snippet":"max-snippet:-1","max-image-preview":"max-image-preview:large","max-video-preview":"max-video-preview:-1"},"canonical":"https:\/\/revolistic-cosmetics.ch\/en\/produit\/coffret-trio-de-serums-bandeau\/","og_locale":"en_US","og_type":"article","og_title":"Coffret pr\u00e9cieux - Revolistic Cosmetics","og_description":"Offrez \u00e0 votre peau une exp\u00e9rience sensorielle unique avec notre coffret exclusif compos\u00e9 de trois s\u00e9rums 15 ml\u00a0:     R\u00eave d\u2019Audace \u2013 pour une peau \u00e9clatante et nourrie    R\u00eave d\u2019Or \u2013 pour une peau hydrat\u00e9e et visiblement rajeunie    R\u00eave de S\u00e9r\u00e9nit\u00e9 \u2013 pour une peau apais\u00e9e et r\u00e9confort\u00e9e   Ce trio pr\u00e9cieux est accompagn\u00e9 d\u2019un bandeau en coton bio, disponible en bleu ou dor\u00e9, id\u00e9al pour vos rituels beaut\u00e9. Un moment de bien-\u00eatre, un cadeau raffin\u00e9, un rituel complet pour r\u00e9v\u00e9ler la beaut\u00e9 naturelle de votre peau.","og_url":"https:\/\/revolistic-cosmetics.ch\/en\/produit\/coffret-trio-de-serums-bandeau\/","og_site_name":"Revolistic Cosmetics","article_publisher":"https:\/\/www.facebook.com\/profile.php?id=61550968816893","article_modified_time":"2026-03-11T13:41:32+00:00","og_image":[{"width":1333,"height":2000,"url":"https:\/\/revolistic-cosmetics.ch\/wp-content\/uploads\/2025\/11\/Coffret-1-bon-format.jpg","type":"image\/jpeg"}],"twitter_card":"summary_large_image","twitter_misc":{"Est. reading time":"2 minutes"},"schema":{"@context":"https:\/\/schema.org","@graph":[{"@type":"WebPage","@id":"https:\/\/revolistic-cosmetics.ch\/en\/produit\/coffret-trio-de-serums-bandeau\/","url":"https:\/\/revolistic-cosmetics.ch\/en\/produit\/coffret-trio-de-serums-bandeau\/","name":"Coffret pr\u00e9cieux - Revolistic Cosmetics","isPartOf":{"@id":"https:\/\/revolistic-cosmetics.ch\/en\/#website"},"primaryImageOfPage":{"@id":"https:\/\/revolistic-cosmetics.ch\/en\/produit\/coffret-trio-de-serums-bandeau\/#primaryimage"},"image":{"@id":"https:\/\/revolistic-cosmetics.ch\/en\/produit\/coffret-trio-de-serums-bandeau\/#primaryimage"},"thumbnailUrl":"https:\/\/revolistic-cosmetics.ch\/wp-content\/uploads\/2025\/11\/Coffret-1-bon-format.jpg","datePublished":"2025-11-19T14:21:04+00:00","dateModified":"2026-03-11T13:41:32+00:00","breadcrumb":{"@id":"https:\/\/revolistic-cosmetics.ch\/en\/produit\/coffret-trio-de-serums-bandeau\/#breadcrumb"},"inLanguage":"en-US","potentialAction":[{"@type":"ReadAction","target":["https:\/\/revolistic-cosmetics.ch\/en\/produit\/coffret-trio-de-serums-bandeau\/"]}]},{"@type":"ImageObject","inLanguage":"en-US","@id":"https:\/\/revolistic-cosmetics.ch\/en\/produit\/coffret-trio-de-serums-bandeau\/#primaryimage","url":"https:\/\/revolistic-cosmetics.ch\/wp-content\/uploads\/2025\/11\/Coffret-1-bon-format.jpg","contentUrl":"https:\/\/revolistic-cosmetics.ch\/wp-content\/uploads\/2025\/11\/Coffret-1-bon-format.jpg","width":1333,"height":2000},{"@type":"BreadcrumbList","@id":"https:\/\/revolistic-cosmetics.ch\/en\/produit\/coffret-trio-de-serums-bandeau\/#breadcrumb","itemListElement":[{"@type":"ListItem","position":1,"name":"Accueil","item":"https:\/\/revolistic-cosmetics.ch\/en\/"},{"@type":"ListItem","position":2,"name":"Shop","item":"https:\/\/revolistic-cosmetics.ch\/en\/shop\/"},{"@type":"ListItem","position":3,"name":"Coffret pr\u00e9cieux"}]},{"@type":"WebSite","@id":"https:\/\/revolistic-cosmetics.ch\/en\/#website","url":"https:\/\/revolistic-cosmetics.ch\/en\/","name":"Revolistic Cosmetics","description":"Face serums","publisher":{"@id":"https:\/\/revolistic-cosmetics.ch\/en\/#organization"},"potentialAction":[{"@type":"SearchAction","target":{"@type":"EntryPoint","urlTemplate":"https:\/\/revolistic-cosmetics.ch\/en\/?s={search_term_string}"},"query-input":{"@type":"PropertyValueSpecification","valueRequired":true,"valueName":"search_term_string"}}],"inLanguage":"en-US"},{"@type":"Organization","@id":"https:\/\/revolistic-cosmetics.ch\/en\/#organization","name":"Revolistic Cosmetics","url":"https:\/\/revolistic-cosmetics.ch\/en\/","logo":{"@type":"ImageObject","inLanguage":"en-US","@id":"https:\/\/revolistic-cosmetics.ch\/en\/#\/schema\/logo\/image\/","url":"https:\/\/revolistic-cosmetics.ch\/wp-content\/uploads\/2023\/09\/Logo_RG_Color.png","contentUrl":"https:\/\/revolistic-cosmetics.ch\/wp-content\/uploads\/2023\/09\/Logo_RG_Color.png","width":3509,"height":2482,"caption":"Revolistic Cosmetics"},"image":{"@id":"https:\/\/revolistic-cosmetics.ch\/en\/#\/schema\/logo\/image\/"},"sameAs":["https:\/\/www.facebook.com\/profile.php?id=61550968816893","https:\/\/www.instagram.com\/revolistic.cosmetics\/"]}]}},"jetpack_sharing_enabled":true,"_links":{"self":[{"href":"https:\/\/revolistic-cosmetics.ch\/en\/wp-json\/wp\/v2\/product\/980","targetHints":{"allow":["GET"]}}],"collection":[{"href":"https:\/\/revolistic-cosmetics.ch\/en\/wp-json\/wp\/v2\/product"}],"about":[{"href":"https:\/\/revolistic-cosmetics.ch\/en\/wp-json\/wp\/v2\/types\/product"}],"wp:featuredmedia":[{"embeddable":true,"href":"https:\/\/revolistic-cosmetics.ch\/en\/wp-json\/wp\/v2\/media\/991"}],"wp:attachment":[{"href":"https:\/\/revolistic-cosmetics.ch\/en\/wp-json\/wp\/v2\/media?parent=980"}],"wp:term":[{"taxonomy":"product_brand","embeddable":true,"href":"https:\/\/revolistic-cosmetics.ch\/en\/wp-json\/wp\/v2\/product_brand?post=980"},{"taxonomy":"product_cat","embeddable":true,"href":"https:\/\/revolistic-cosmetics.ch\/en\/wp-json\/wp\/v2\/product_cat?post=980"},{"taxonomy":"product_tag","embeddable":true,"href":"https:\/\/revolistic-cosmetics.ch\/en\/wp-json\/wp\/v2\/product_tag?post=980"}],"curies":[{"name":"wp","href":"https:\/\/api.w.org\/{rel}","templated":true}]}}